{"id":10,"date":"2022-05-24T11:32:29","date_gmt":"2022-05-24T11:32:29","guid":{"rendered":"https:\/\/lesbcbg.com\/?page_id=10"},"modified":"2022-05-30T11:41:27","modified_gmt":"2022-05-30T11:41:27","slug":"appart-hotel-a-charleville-mezieres","status":"publish","type":"page","link":"https:\/\/lesbcbg.com\/en\/","title":{"rendered":"Appart hotel in Charleville-Mezi\u00e8res"},"content":{"rendered":"","protected":false},"excerpt":{"rendered":"","protected":false},"author":1,"featured_media":552,"parent":0,"menu_order":0,"comment_status":"closed","ping_status":"closed","template":"","meta":{"footnotes":""},"class_list":["post-10","page","type-page","status-publish","has-post-thumbnail","czr-hentry"],"yoast_head":"<!-- This site is optimized with the Yoast SEO plugin v27.3 - https:\/\/yoast.com\/product\/yoast-seo-wordpress\/ -->\n<title>Appart hotel \u00e0 Charleville-Mezi\u00e8res &#8226; Les BC BG<\/title>\n<meta name=\"description\" content=\"LE BC BG &#8226; Vos appart hotel \u00e0 Charleville-Mezi\u00e8res &#039;Bon Chic Bon Genre&#039; &#8226; Magnifique immeuble Haussemannien du XIX\u00e8me si\u00e8cle.\" \/>\n<meta name=\"robots\" content=\"index, follow, max-snippet:-1, max-image-preview:large, max-video-preview:-1\" \/>\n<link rel=\"canonical\" href=\"https:\/\/lesbcbg.com\/en\/\" \/>\n<meta property=\"og:locale\" content=\"en_GB\" \/>\n<meta property=\"og:type\" content=\"article\" \/>\n<meta property=\"og:title\" content=\"Appart Hotel Les BC BG\" \/>\n<meta property=\"og:description\" content=\"LE BC BG &#8226; Vos appart hotel \u00e0 Charleville-Mezi\u00e8res &#039;Bon Chic Bon Genre&#039; &#8226; Magnifique immeuble Haussemannien du XIX\u00e8me si\u00e8cle.\" \/>\n<meta property=\"og:url\" content=\"https:\/\/lesbcbg.com\/en\/\" \/>\n<meta property=\"og:site_name\" content=\"Appart Hotel Les BC BG\" \/>\n<meta property=\"article:modified_time\" content=\"2022-05-30T11:41:27+00:00\" \/>\n<meta property=\"og:image\" content=\"https:\/\/lesbcbg.com\/wp-content\/uploads\/2022\/05\/Mobilier-Athezza-3.jpeg\" \/>\n\t<meta property=\"og:image:width\" content=\"1280\" \/>\n\t<meta property=\"og:image:height\" content=\"853\" \/>\n\t<meta property=\"og:image:type\" content=\"image\/jpeg\" \/>\n<meta name=\"twitter:card\" content=\"summary_large_image\" \/>\n<script type=\"application\/ld+json\" class=\"yoast-schema-graph\">{\"@context\":\"https:\\\/\\\/schema.org\",\"@graph\":[{\"@type\":\"WebPage\",\"@id\":\"https:\\\/\\\/lesbcbg.com\\\/\",\"url\":\"https:\\\/\\\/lesbcbg.com\\\/\",\"name\":\"Appart hotel \u00e0 Charleville-Mezi\u00e8res &#8226; Les BC BG\",\"isPartOf\":{\"@id\":\"https:\\\/\\\/lesbcbg.com\\\/#website\"},\"primaryImageOfPage\":{\"@id\":\"https:\\\/\\\/lesbcbg.com\\\/#primaryimage\"},\"image\":{\"@id\":\"https:\\\/\\\/lesbcbg.com\\\/#primaryimage\"},\"thumbnailUrl\":\"https:\\\/\\\/lesbcbg.com\\\/wp-content\\\/uploads\\\/2022\\\/05\\\/Mobilier-Athezza-3.jpeg\",\"datePublished\":\"2022-05-24T11:32:29+00:00\",\"dateModified\":\"2022-05-30T11:41:27+00:00\",\"description\":\"LE BC BG &#8226; Vos appart hotel \u00e0 Charleville-Mezi\u00e8res 'Bon Chic Bon Genre' &#8226; Magnifique immeuble Haussemannien du XIX\u00e8me si\u00e8cle.\",\"breadcrumb\":{\"@id\":\"https:\\\/\\\/lesbcbg.com\\\/#breadcrumb\"},\"inLanguage\":\"en-GB\",\"potentialAction\":[{\"@type\":\"ReadAction\",\"target\":[\"https:\\\/\\\/lesbcbg.com\\\/\"]}]},{\"@type\":\"ImageObject\",\"inLanguage\":\"en-GB\",\"@id\":\"https:\\\/\\\/lesbcbg.com\\\/#primaryimage\",\"url\":\"https:\\\/\\\/lesbcbg.com\\\/wp-content\\\/uploads\\\/2022\\\/05\\\/Mobilier-Athezza-3.jpeg\",\"contentUrl\":\"https:\\\/\\\/lesbcbg.com\\\/wp-content\\\/uploads\\\/2022\\\/05\\\/Mobilier-Athezza-3.jpeg\",\"width\":1280,\"height\":853,\"caption\":\"Mobilier Athezza\"},{\"@type\":\"BreadcrumbList\",\"@id\":\"https:\\\/\\\/lesbcbg.com\\\/#breadcrumb\",\"itemListElement\":[{\"@type\":\"ListItem\",\"position\":1,\"name\":\"Accueil\",\"item\":\"https:\\\/\\\/lesbcbg.com\\\/\"},{\"@type\":\"ListItem\",\"position\":2,\"name\":\"Appart hotel \u00e0 Charleville-Mezi\u00e8res\"}]},{\"@type\":\"WebSite\",\"@id\":\"https:\\\/\\\/lesbcbg.com\\\/#website\",\"url\":\"https:\\\/\\\/lesbcbg.com\\\/\",\"name\":\"Appart Hotel Les BC BG\",\"description\":\"Appart Hotel \u00e0 Charleville-M\u00e9zi\u00e8res\",\"publisher\":{\"@id\":\"https:\\\/\\\/lesbcbg.com\\\/#organization\"},\"potentialAction\":[{\"@type\":\"SearchAction\",\"target\":{\"@type\":\"EntryPoint\",\"urlTemplate\":\"https:\\\/\\\/lesbcbg.com\\\/?s={search_term_string}\"},\"query-input\":{\"@type\":\"PropertyValueSpecification\",\"valueRequired\":true,\"valueName\":\"search_term_string\"}}],\"inLanguage\":\"en-GB\"},{\"@type\":\"Organization\",\"@id\":\"https:\\\/\\\/lesbcbg.com\\\/#organization\",\"name\":\"Appart Hotel Les BCBG\",\"url\":\"https:\\\/\\\/lesbcbg.com\\\/\",\"logo\":{\"@type\":\"ImageObject\",\"inLanguage\":\"en-GB\",\"@id\":\"https:\\\/\\\/lesbcbg.com\\\/#\\\/schema\\\/logo\\\/image\\\/\",\"url\":\"https:\\\/\\\/lesbcbg.com\\\/wp-content\\\/uploads\\\/2022\\\/05\\\/Logo-BCBG-Noir.png\",\"contentUrl\":\"https:\\\/\\\/lesbcbg.com\\\/wp-content\\\/uploads\\\/2022\\\/05\\\/Logo-BCBG-Noir.png\",\"width\":530,\"height\":1242,\"caption\":\"Appart Hotel Les BCBG\"},\"image\":{\"@id\":\"https:\\\/\\\/lesbcbg.com\\\/#\\\/schema\\\/logo\\\/image\\\/\"}}]}<\/script>\n<!-- \/ Yoast SEO plugin. -->","yoast_head_json":{"title":"Appart hotel Charleville-Mezi\u00e8res - Les BC BG","description":"LE BC BG - Your apartment hotel in Charleville-Mezi\u00e8res 'Bon Chic Bon Genre' - Magnificent 19th century Haussemann building.","robots":{"index":"index","follow":"follow","max-snippet":"max-snippet:-1","max-image-preview":"max-image-preview:large","max-video-preview":"max-video-preview:-1"},"canonical":"https:\/\/lesbcbg.com\/en\/","og_locale":"en_GB","og_type":"article","og_title":"Appart Hotel Les BC BG","og_description":"LE BC BG &#8226; Vos appart hotel \u00e0 Charleville-Mezi\u00e8res 'Bon Chic Bon Genre' &#8226; Magnifique immeuble Haussemannien du XIX\u00e8me si\u00e8cle.","og_url":"https:\/\/lesbcbg.com\/en\/","og_site_name":"Appart Hotel Les BC BG","article_modified_time":"2022-05-30T11:41:27+00:00","og_image":[{"width":1280,"height":853,"url":"https:\/\/lesbcbg.com\/wp-content\/uploads\/2022\/05\/Mobilier-Athezza-3.jpeg","type":"image\/jpeg"}],"twitter_card":"summary_large_image","schema":{"@context":"https:\/\/schema.org","@graph":[{"@type":"WebPage","@id":"https:\/\/lesbcbg.com\/","url":"https:\/\/lesbcbg.com\/","name":"Appart hotel Charleville-Mezi\u00e8res - Les BC BG","isPartOf":{"@id":"https:\/\/lesbcbg.com\/#website"},"primaryImageOfPage":{"@id":"https:\/\/lesbcbg.com\/#primaryimage"},"image":{"@id":"https:\/\/lesbcbg.com\/#primaryimage"},"thumbnailUrl":"https:\/\/lesbcbg.com\/wp-content\/uploads\/2022\/05\/Mobilier-Athezza-3.jpeg","datePublished":"2022-05-24T11:32:29+00:00","dateModified":"2022-05-30T11:41:27+00:00","description":"LE BC BG - Your apartment hotel in Charleville-Mezi\u00e8res 'Bon Chic Bon Genre' - Magnificent 19th century Haussemann building.","breadcrumb":{"@id":"https:\/\/lesbcbg.com\/#breadcrumb"},"inLanguage":"en-GB","potentialAction":[{"@type":"ReadAction","target":["https:\/\/lesbcbg.com\/"]}]},{"@type":"ImageObject","inLanguage":"en-GB","@id":"https:\/\/lesbcbg.com\/#primaryimage","url":"https:\/\/lesbcbg.com\/wp-content\/uploads\/2022\/05\/Mobilier-Athezza-3.jpeg","contentUrl":"https:\/\/lesbcbg.com\/wp-content\/uploads\/2022\/05\/Mobilier-Athezza-3.jpeg","width":1280,"height":853,"caption":"Mobilier Athezza"},{"@type":"BreadcrumbList","@id":"https:\/\/lesbcbg.com\/#breadcrumb","itemListElement":[{"@type":"ListItem","position":1,"name":"Accueil","item":"https:\/\/lesbcbg.com\/"},{"@type":"ListItem","position":2,"name":"Appart hotel \u00e0 Charleville-Mezi\u00e8res"}]},{"@type":"WebSite","@id":"https:\/\/lesbcbg.com\/#website","url":"https:\/\/lesbcbg.com\/","name":"Appart Hotel Les BC BG","description":"Appart Hotel in Charleville-M\u00e9zi\u00e8res","publisher":{"@id":"https:\/\/lesbcbg.com\/#organization"},"potentialAction":[{"@type":"SearchAction","target":{"@type":"EntryPoint","urlTemplate":"https:\/\/lesbcbg.com\/?s={search_term_string}"},"query-input":{"@type":"PropertyValueSpecification","valueRequired":true,"valueName":"search_term_string"}}],"inLanguage":"en-GB"},{"@type":"Organization","@id":"https:\/\/lesbcbg.com\/#organization","name":"Appart Hotel Les BCBG","url":"https:\/\/lesbcbg.com\/","logo":{"@type":"ImageObject","inLanguage":"en-GB","@id":"https:\/\/lesbcbg.com\/#\/schema\/logo\/image\/","url":"https:\/\/lesbcbg.com\/wp-content\/uploads\/2022\/05\/Logo-BCBG-Noir.png","contentUrl":"https:\/\/lesbcbg.com\/wp-content\/uploads\/2022\/05\/Logo-BCBG-Noir.png","width":530,"height":1242,"caption":"Appart Hotel Les BCBG"},"image":{"@id":"https:\/\/lesbcbg.com\/#\/schema\/logo\/image\/"}}]}},"_links":{"self":[{"href":"https:\/\/lesbcbg.com\/en\/wp-json\/wp\/v2\/pages\/10","targetHints":{"allow":["GET"]}}],"collection":[{"href":"https:\/\/lesbcbg.com\/en\/wp-json\/wp\/v2\/pages"}],"about":[{"href":"https:\/\/lesbcbg.com\/en\/wp-json\/wp\/v2\/types\/page"}],"author":[{"embeddable":true,"href":"https:\/\/lesbcbg.com\/en\/wp-json\/wp\/v2\/users\/1"}],"replies":[{"embeddable":true,"href":"https:\/\/lesbcbg.com\/en\/wp-json\/wp\/v2\/comments?post=10"}],"version-history":[{"count":2,"href":"https:\/\/lesbcbg.com\/en\/wp-json\/wp\/v2\/pages\/10\/revisions"}],"predecessor-version":[{"id":601,"href":"https:\/\/lesbcbg.com\/en\/wp-json\/wp\/v2\/pages\/10\/revisions\/601"}],"wp:featuredmedia":[{"embeddable":true,"href":"https:\/\/lesbcbg.com\/en\/wp-json\/wp\/v2\/media\/552"}],"wp:attachment":[{"href":"https:\/\/lesbcbg.com\/en\/wp-json\/wp\/v2\/media?parent=10"}],"curies":[{"name":"wp","href":"https:\/\/api.w.org\/{rel}","templated":true}]}}