{"id":25,"date":"2022-05-24T11:33:27","date_gmt":"2022-05-24T11:33:27","guid":{"rendered":"https:\/\/lesbcbg.com\/?page_id=25"},"modified":"2022-05-24T13:52:24","modified_gmt":"2022-05-24T13:52:24","slug":"politique-de-confidentialite","status":"publish","type":"page","link":"https:\/\/lesbcbg.com\/en\/privacy-policy","title":{"rendered":"Disclaimer"},"content":{"rendered":"","protected":false},"excerpt":{"rendered":"","protected":false},"author":1,"featured_media":0,"parent":0,"menu_order":0,"comment_status":"closed","ping_status":"closed","template":"","meta":{"footnotes":""},"class_list":["post-25","page","type-page","status-publish","czr-hentry"],"yoast_head":"<!-- This site is optimized with the Yoast SEO plugin v27.4 - https:\/\/yoast.com\/product\/yoast-seo-wordpress\/ -->\n<title>Politique de confidentialit\u00e9 &#8226; Appart Hotel Les BC BG<\/title>\n<meta name=\"robots\" content=\"index, follow, max-snippet:-1, max-image-preview:large, max-video-preview:-1\" \/>\n<link rel=\"canonical\" href=\"https:\/\/lesbcbg.com\/en\/privacy-policy\/\" \/>\n<meta property=\"og:locale\" content=\"en_GB\" \/>\n<meta property=\"og:type\" content=\"article\" \/>\n<meta property=\"og:title\" content=\"Politique de confidentialit\u00e9 &#8226; Appart Hotel Les BC BG\" \/>\n<meta property=\"og:url\" content=\"https:\/\/lesbcbg.com\/en\/privacy-policy\/\" \/>\n<meta property=\"og:site_name\" content=\"Appart Hotel Les BC BG\" \/>\n<meta property=\"article:modified_time\" content=\"2022-05-24T13:52:24+00:00\" \/>\n<meta name=\"twitter:card\" content=\"summary_large_image\" \/>\n<script type=\"application\/ld+json\" class=\"yoast-schema-graph\">{\"@context\":\"https:\\\/\\\/schema.org\",\"@graph\":[{\"@type\":\"WebPage\",\"@id\":\"https:\\\/\\\/lesbcbg.com\\\/politique-de-confidentialite\",\"url\":\"https:\\\/\\\/lesbcbg.com\\\/politique-de-confidentialite\",\"name\":\"Politique de confidentialit\u00e9 &#8226; Appart Hotel Les BC BG\",\"isPartOf\":{\"@id\":\"https:\\\/\\\/lesbcbg.com\\\/#website\"},\"datePublished\":\"2022-05-24T11:33:27+00:00\",\"dateModified\":\"2022-05-24T13:52:24+00:00\",\"breadcrumb\":{\"@id\":\"https:\\\/\\\/lesbcbg.com\\\/politique-de-confidentialite#breadcrumb\"},\"inLanguage\":\"en-GB\",\"potentialAction\":[{\"@type\":\"ReadAction\",\"target\":[\"https:\\\/\\\/lesbcbg.com\\\/politique-de-confidentialite\"]}]},{\"@type\":\"BreadcrumbList\",\"@id\":\"https:\\\/\\\/lesbcbg.com\\\/politique-de-confidentialite#breadcrumb\",\"itemListElement\":[{\"@type\":\"ListItem\",\"position\":1,\"name\":\"Accueil\",\"item\":\"https:\\\/\\\/lesbcbg.com\\\/\"},{\"@type\":\"ListItem\",\"position\":2,\"name\":\"Politique de confidentialit\u00e9\"}]},{\"@type\":\"WebSite\",\"@id\":\"https:\\\/\\\/lesbcbg.com\\\/#website\",\"url\":\"https:\\\/\\\/lesbcbg.com\\\/\",\"name\":\"Appart Hotel Les BC BG\",\"description\":\"Appart Hotel \u00e0 Charleville-M\u00e9zi\u00e8res\",\"publisher\":{\"@id\":\"https:\\\/\\\/lesbcbg.com\\\/#organization\"},\"potentialAction\":[{\"@type\":\"SearchAction\",\"target\":{\"@type\":\"EntryPoint\",\"urlTemplate\":\"https:\\\/\\\/lesbcbg.com\\\/?s={search_term_string}\"},\"query-input\":{\"@type\":\"PropertyValueSpecification\",\"valueRequired\":true,\"valueName\":\"search_term_string\"}}],\"inLanguage\":\"en-GB\"},{\"@type\":\"Organization\",\"@id\":\"https:\\\/\\\/lesbcbg.com\\\/#organization\",\"name\":\"Appart Hotel Les BCBG\",\"url\":\"https:\\\/\\\/lesbcbg.com\\\/\",\"logo\":{\"@type\":\"ImageObject\",\"inLanguage\":\"en-GB\",\"@id\":\"https:\\\/\\\/lesbcbg.com\\\/#\\\/schema\\\/logo\\\/image\\\/\",\"url\":\"https:\\\/\\\/lesbcbg.com\\\/wp-content\\\/uploads\\\/2022\\\/05\\\/Logo-BCBG-Noir.png\",\"contentUrl\":\"https:\\\/\\\/lesbcbg.com\\\/wp-content\\\/uploads\\\/2022\\\/05\\\/Logo-BCBG-Noir.png\",\"width\":530,\"height\":1242,\"caption\":\"Appart Hotel Les BCBG\"},\"image\":{\"@id\":\"https:\\\/\\\/lesbcbg.com\\\/#\\\/schema\\\/logo\\\/image\\\/\"}}]}<\/script>\n<!-- \/ Yoast SEO plugin. -->","yoast_head_json":{"title":"Privacy policy - Appart Hotel Les BC BG","robots":{"index":"index","follow":"follow","max-snippet":"max-snippet:-1","max-image-preview":"max-image-preview:large","max-video-preview":"max-video-preview:-1"},"canonical":"https:\/\/lesbcbg.com\/en\/privacy-policy\/","og_locale":"en_GB","og_type":"article","og_title":"Politique de confidentialit\u00e9 &#8226; Appart Hotel Les BC BG","og_url":"https:\/\/lesbcbg.com\/en\/privacy-policy\/","og_site_name":"Appart Hotel Les BC BG","article_modified_time":"2022-05-24T13:52:24+00:00","twitter_card":"summary_large_image","schema":{"@context":"https:\/\/schema.org","@graph":[{"@type":"WebPage","@id":"https:\/\/lesbcbg.com\/politique-de-confidentialite","url":"https:\/\/lesbcbg.com\/politique-de-confidentialite","name":"Privacy policy - Appart Hotel Les BC BG","isPartOf":{"@id":"https:\/\/lesbcbg.com\/#website"},"datePublished":"2022-05-24T11:33:27+00:00","dateModified":"2022-05-24T13:52:24+00:00","breadcrumb":{"@id":"https:\/\/lesbcbg.com\/politique-de-confidentialite#breadcrumb"},"inLanguage":"en-GB","potentialAction":[{"@type":"ReadAction","target":["https:\/\/lesbcbg.com\/politique-de-confidentialite"]}]},{"@type":"BreadcrumbList","@id":"https:\/\/lesbcbg.com\/politique-de-confidentialite#breadcrumb","itemListElement":[{"@type":"ListItem","position":1,"name":"Accueil","item":"https:\/\/lesbcbg.com\/"},{"@type":"ListItem","position":2,"name":"Politique de confidentialit\u00e9"}]},{"@type":"WebSite","@id":"https:\/\/lesbcbg.com\/#website","url":"https:\/\/lesbcbg.com\/","name":"Appart Hotel Les BC BG","description":"Appart Hotel in Charleville-M\u00e9zi\u00e8res","publisher":{"@id":"https:\/\/lesbcbg.com\/#organization"},"potentialAction":[{"@type":"SearchAction","target":{"@type":"EntryPoint","urlTemplate":"https:\/\/lesbcbg.com\/?s={search_term_string}"},"query-input":{"@type":"PropertyValueSpecification","valueRequired":true,"valueName":"search_term_string"}}],"inLanguage":"en-GB"},{"@type":"Organization","@id":"https:\/\/lesbcbg.com\/#organization","name":"Appart Hotel Les BCBG","url":"https:\/\/lesbcbg.com\/","logo":{"@type":"ImageObject","inLanguage":"en-GB","@id":"https:\/\/lesbcbg.com\/#\/schema\/logo\/image\/","url":"https:\/\/lesbcbg.com\/wp-content\/uploads\/2022\/05\/Logo-BCBG-Noir.png","contentUrl":"https:\/\/lesbcbg.com\/wp-content\/uploads\/2022\/05\/Logo-BCBG-Noir.png","width":530,"height":1242,"caption":"Appart Hotel Les BCBG"},"image":{"@id":"https:\/\/lesbcbg.com\/#\/schema\/logo\/image\/"}}]}},"_links":{"self":[{"href":"https:\/\/lesbcbg.com\/en\/wp-json\/wp\/v2\/pages\/25","targetHints":{"allow":["GET"]}}],"collection":[{"href":"https:\/\/lesbcbg.com\/en\/wp-json\/wp\/v2\/pages"}],"about":[{"href":"https:\/\/lesbcbg.com\/en\/wp-json\/wp\/v2\/types\/page"}],"author":[{"embeddable":true,"href":"https:\/\/lesbcbg.com\/en\/wp-json\/wp\/v2\/users\/1"}],"replies":[{"embeddable":true,"href":"https:\/\/lesbcbg.com\/en\/wp-json\/wp\/v2\/comments?post=25"}],"version-history":[{"count":1,"href":"https:\/\/lesbcbg.com\/en\/wp-json\/wp\/v2\/pages\/25\/revisions"}],"predecessor-version":[{"id":26,"href":"https:\/\/lesbcbg.com\/en\/wp-json\/wp\/v2\/pages\/25\/revisions\/26"}],"wp:attachment":[{"href":"https:\/\/lesbcbg.com\/en\/wp-json\/wp\/v2\/media?parent=25"}],"curies":[{"name":"wp","href":"https:\/\/api.w.org\/{rel}","templated":true}]}}